{"id":2798,"date":"2020-12-24T09:37:46","date_gmt":"2020-12-24T09:37:46","guid":{"rendered":"https:\/\/www.folegandrosisland.com\/wordpress\/?page_id=2798"},"modified":"2023-12-21T12:27:13","modified_gmt":"2023-12-21T12:27:13","slug":"yoga","status":"publish","type":"page","link":"https:\/\/staging.folegandrosisland.com\/en\/yoga\/","title":{"rendered":"Yoga"},"content":{"rendered":"<div data-elementor-type=\"wp-post\" data-elementor-id=\"2798\" class=\"elementor elementor-2798\" data-elementor-post-type=\"page\">\n\t\t\t\t\t\t\t\t\t<section class=\"elementor-section elementor-top-section elementor-element elementor-element-51c6fc3 elementor-section-height-min-height elementor-hidden-phone elementor-section-boxed elementor-section-height-default elementor-section-items-middle\" data-id=\"51c6fc3\" data-element_type=\"section\" data-settings=\"{&quot;jet_parallax_layout_list&quot;:[{&quot;jet_parallax_layout_image&quot;:{&quot;url&quot;:&quot;&quot;,&quot;id&quot;:&quot;&quot;,&quot;size&quot;:&quot;&quot;},&quot;_id&quot;:&quot;83b6e85&quot;,&quot;jet_parallax_layout_speed&quot;:{&quot;unit&quot;:&quot;%&quot;,&quot;size&quot;:&quot;50&quot;,&quot;sizes&quot;:[]},&quot;jet_parallax_layout_bg_x&quot;:&quot;50&quot;,&quot;jet_parallax_layout_bg_y&quot;:&quot;50&quot;,&quot;jet_parallax_layout_image_tablet&quot;:{&quot;url&quot;:&quot;&quot;,&quot;id&quot;:&quot;&quot;,&quot;size&quot;:&quot;&quot;},&quot;jet_parallax_layout_image_mobile&quot;:{&quot;url&quot;:&quot;&quot;,&quot;id&quot;:&quot;&quot;,&quot;size&quot;:&quot;&quot;},&quot;jet_parallax_layout_type&quot;:&quot;scroll&quot;,&quot;jet_parallax_layout_direction&quot;:null,&quot;jet_parallax_layout_fx_direction&quot;:null,&quot;jet_parallax_layout_z_index&quot;:&quot;&quot;,&quot;jet_parallax_layout_bg_x_tablet&quot;:&quot;&quot;,&quot;jet_parallax_layout_bg_x_mobile&quot;:&quot;&quot;,&quot;jet_parallax_layout_bg_y_tablet&quot;:&quot;&quot;,&quot;jet_parallax_layout_bg_y_mobile&quot;:&quot;&quot;,&quot;jet_parallax_layout_bg_size&quot;:&quot;auto&quot;,&quot;jet_parallax_layout_bg_size_tablet&quot;:&quot;&quot;,&quot;jet_parallax_layout_bg_size_mobile&quot;:&quot;&quot;,&quot;jet_parallax_layout_animation_prop&quot;:&quot;transform&quot;,&quot;jet_parallax_layout_on&quot;:[&quot;desktop&quot;,&quot;tablet&quot;]}],&quot;background_background&quot;:&quot;classic&quot;}\">\n\t\t\t\t\t\t\t<div class=\"elementor-background-overlay\"><\/div>\n\t\t\t\t\t\t\t<div class=\"elementor-container elementor-column-gap-default\">\n\t\t\t\t\t<div class=\"elementor-column elementor-col-100 elementor-top-column elementor-element elementor-element-1d92192\" data-id=\"1d92192\" data-element_type=\"column\">\n\t\t\t<div class=\"elementor-widget-wrap elementor-element-populated\">\n\t\t\t\t\t\t\t\t<div class=\"elementor-element elementor-element-45fe61b elementor-invisible elementor-widget elementor-widget-heading\" data-id=\"45fe61b\" data-element_type=\"widget\" data-settings=\"{&quot;_animation&quot;:&quot;fadeIn&quot;}\" data-widget_type=\"heading.default\">\n\t\t\t\t<div class=\"elementor-widget-container\">\n\t\t\t<h1 class=\"elementor-heading-title elementor-size-default\">YOGA &amp; MASSAGES<\/h1>\t\t<\/div>\n\t\t\t\t<\/div>\n\t\t\t\t\t<\/div>\n\t\t<\/div>\n\t\t\t\t\t\t\t<\/div>\n\t\t<\/section>\n\t\t\t\t<section class=\"elementor-section elementor-top-section elementor-element elementor-element-e8cb6d7 elementor-section-boxed elementor-section-height-default elementor-section-height-default\" data-id=\"e8cb6d7\" data-element_type=\"section\" data-settings=\"{&quot;jet_parallax_layout_list&quot;:[{&quot;jet_parallax_layout_image&quot;:{&quot;url&quot;:&quot;&quot;,&quot;id&quot;:&quot;&quot;,&quot;size&quot;:&quot;&quot;},&quot;_id&quot;:&quot;225207e&quot;,&quot;jet_parallax_layout_speed&quot;:{&quot;unit&quot;:&quot;%&quot;,&quot;size&quot;:&quot;50&quot;,&quot;sizes&quot;:[]},&quot;jet_parallax_layout_bg_x&quot;:&quot;50&quot;,&quot;jet_parallax_layout_bg_y&quot;:&quot;50&quot;,&quot;jet_parallax_layout_image_tablet&quot;:{&quot;url&quot;:&quot;&quot;,&quot;id&quot;:&quot;&quot;,&quot;size&quot;:&quot;&quot;},&quot;jet_parallax_layout_image_mobile&quot;:{&quot;url&quot;:&quot;&quot;,&quot;id&quot;:&quot;&quot;,&quot;size&quot;:&quot;&quot;},&quot;jet_parallax_layout_type&quot;:&quot;scroll&quot;,&quot;jet_parallax_layout_direction&quot;:null,&quot;jet_parallax_layout_fx_direction&quot;:null,&quot;jet_parallax_layout_z_index&quot;:&quot;&quot;,&quot;jet_parallax_layout_bg_x_tablet&quot;:&quot;&quot;,&quot;jet_parallax_layout_bg_x_mobile&quot;:&quot;&quot;,&quot;jet_parallax_layout_bg_y_tablet&quot;:&quot;&quot;,&quot;jet_parallax_layout_bg_y_mobile&quot;:&quot;&quot;,&quot;jet_parallax_layout_bg_size&quot;:&quot;auto&quot;,&quot;jet_parallax_layout_bg_size_tablet&quot;:&quot;&quot;,&quot;jet_parallax_layout_bg_size_mobile&quot;:&quot;&quot;,&quot;jet_parallax_layout_animation_prop&quot;:&quot;transform&quot;,&quot;jet_parallax_layout_on&quot;:[&quot;desktop&quot;,&quot;tablet&quot;]}]}\">\n\t\t\t\t\t\t<div class=\"elementor-container elementor-column-gap-default\">\n\t\t\t\t\t<div class=\"elementor-column elementor-col-100 elementor-top-column elementor-element elementor-element-a894aed\" data-id=\"a894aed\" data-element_type=\"column\">\n\t\t\t<div class=\"elementor-widget-wrap elementor-element-populated\">\n\t\t\t\t\t\t\t\t<div class=\"elementor-element elementor-element-5c7af08 elementor-invisible elementor-widget elementor-widget-text-editor\" data-id=\"5c7af08\" data-element_type=\"widget\" data-settings=\"{&quot;_animation&quot;:&quot;fadeIn&quot;,&quot;_animation_delay&quot;:&quot;300&quot;}\" data-widget_type=\"text-editor.default\">\n\t\t\t\t<div class=\"elementor-widget-container\">\n\t\t\t\t\t\t\t<div class=\"flex_column av_one_third flex_column_div av-zero-column-padding first avia-builder-el-6 el_after_av_hr el_before_av_two_fifth\">\n<section class=\"av_textblock_section\">\n<div class=\"avia_textblock\">\n<p>In Folegandros, yoga sessions take place on Agios Nikolaos beach. On the same beach or wherever You stay there is also the possibility of therapeutic and relaxing massages.<\/p>\n<p>Reservations are always required for Yoga sessions and massages. Further information at Sottovento, in Chora in Pounta Square, or at the telephone number +30 694 6522159<\/p>\n<\/div>\n<\/section>\n<\/div>\t\t\t\t\t\t<\/div>\n\t\t\t\t<\/div>\n\t\t\t\t<div class=\"elementor-element elementor-element-5d61389 elementor-invisible elementor-widget elementor-widget-image\" data-id=\"5d61389\" data-element_type=\"widget\" data-settings=\"{&quot;_animation&quot;:&quot;fadeIn&quot;}\" data-no-translation=\"\" data-widget_type=\"image.default\">\n\t\t\t\t<div class=\"elementor-widget-container\">\n\t\t\t<style>.elementor-element-5d61389{display:none !important}<\/style>\t\t<\/div>\n\t\t\t\t<\/div>\n\t\t\t\t\t<\/div>\n\t\t<\/div>\n\t\t\t\t\t\t\t<\/div>\n\t\t<\/section>\n\t\t\t\t<section class=\"elementor-section elementor-top-section elementor-element elementor-element-666e48d elementor-section-full_width elementor-section-height-default elementor-section-height-default\" data-id=\"666e48d\" data-element_type=\"section\" data-settings=\"{&quot;jet_parallax_layout_list&quot;:[{&quot;jet_parallax_layout_image&quot;:{&quot;url&quot;:&quot;&quot;,&quot;id&quot;:&quot;&quot;,&quot;size&quot;:&quot;&quot;},&quot;_id&quot;:&quot;7926b16&quot;,&quot;jet_parallax_layout_image_tablet&quot;:{&quot;url&quot;:&quot;&quot;,&quot;id&quot;:&quot;&quot;,&quot;size&quot;:&quot;&quot;},&quot;jet_parallax_layout_image_mobile&quot;:{&quot;url&quot;:&quot;&quot;,&quot;id&quot;:&quot;&quot;,&quot;size&quot;:&quot;&quot;},&quot;jet_parallax_layout_speed&quot;:{&quot;unit&quot;:&quot;%&quot;,&quot;size&quot;:50,&quot;sizes&quot;:[]},&quot;jet_parallax_layout_type&quot;:&quot;scroll&quot;,&quot;jet_parallax_layout_direction&quot;:null,&quot;jet_parallax_layout_fx_direction&quot;:null,&quot;jet_parallax_layout_z_index&quot;:&quot;&quot;,&quot;jet_parallax_layout_bg_x&quot;:50,&quot;jet_parallax_layout_bg_x_tablet&quot;:&quot;&quot;,&quot;jet_parallax_layout_bg_x_mobile&quot;:&quot;&quot;,&quot;jet_parallax_layout_bg_y&quot;:50,&quot;jet_parallax_layout_bg_y_tablet&quot;:&quot;&quot;,&quot;jet_parallax_layout_bg_y_mobile&quot;:&quot;&quot;,&quot;jet_parallax_layout_bg_size&quot;:&quot;auto&quot;,&quot;jet_parallax_layout_bg_size_tablet&quot;:&quot;&quot;,&quot;jet_parallax_layout_bg_size_mobile&quot;:&quot;&quot;,&quot;jet_parallax_layout_animation_prop&quot;:&quot;transform&quot;,&quot;jet_parallax_layout_on&quot;:[&quot;desktop&quot;,&quot;tablet&quot;]}]}\">\n\t\t\t\t\t\t<div class=\"elementor-container elementor-column-gap-default\">\n\t\t\t\t\t<div class=\"elementor-column elementor-col-100 elementor-top-column elementor-element elementor-element-750b525\" data-id=\"750b525\" data-element_type=\"column\">\n\t\t\t<div class=\"elementor-widget-wrap elementor-element-populated\">\n\t\t\t\t\t\t\t\t<div class=\"elementor-element elementor-element-4edf998 elementor-widget elementor-widget-image\" data-id=\"4edf998\" data-element_type=\"widget\" data-widget_type=\"image.default\">\n\t\t\t\t<div class=\"elementor-widget-container\">\n\t\t\t\t\t\t\t\t\t\t\t\t\t\t\t<img fetchpriority=\"high\" decoding=\"async\" width=\"1536\" height=\"600\" src=\"https:\/\/staging.folegandrosisland.com\/wp-content\/uploads\/2021\/03\/YOGA-1536x1024-H600.jpg\" class=\"attachment-full size-full wp-image-22398\" alt=\"\" srcset=\"https:\/\/staging.folegandrosisland.com\/wp-content\/uploads\/2021\/03\/YOGA-1536x1024-H600.jpg 1536w, https:\/\/staging.folegandrosisland.com\/wp-content\/uploads\/2021\/03\/YOGA-1536x1024-H600-300x117.jpg 300w, https:\/\/staging.folegandrosisland.com\/wp-content\/uploads\/2021\/03\/YOGA-1536x1024-H600-1024x400.jpg 1024w, https:\/\/staging.folegandrosisland.com\/wp-content\/uploads\/2021\/03\/YOGA-1536x1024-H600-768x300.jpg 768w\" sizes=\"(max-width: 1536px) 100vw, 1536px\" \/>\t\t\t\t\t\t\t\t\t\t\t\t\t\t\t<\/div>\n\t\t\t\t<\/div>\n\t\t\t\t\t<\/div>\n\t\t<\/div>\n\t\t\t\t\t\t\t<\/div>\n\t\t<\/section>\n\t\t\t\t<section class=\"elementor-section elementor-top-section elementor-element elementor-element-3be232d elementor-section-boxed elementor-section-height-default elementor-section-height-default\" data-id=\"3be232d\" data-element_type=\"section\" data-settings=\"{&quot;jet_parallax_layout_list&quot;:[{&quot;jet_parallax_layout_image&quot;:{&quot;url&quot;:&quot;&quot;,&quot;id&quot;:&quot;&quot;,&quot;size&quot;:&quot;&quot;},&quot;_id&quot;:&quot;225207e&quot;,&quot;jet_parallax_layout_speed&quot;:{&quot;unit&quot;:&quot;%&quot;,&quot;size&quot;:&quot;50&quot;,&quot;sizes&quot;:[]},&quot;jet_parallax_layout_bg_x&quot;:&quot;50&quot;,&quot;jet_parallax_layout_bg_y&quot;:&quot;50&quot;,&quot;jet_parallax_layout_image_tablet&quot;:{&quot;url&quot;:&quot;&quot;,&quot;id&quot;:&quot;&quot;,&quot;size&quot;:&quot;&quot;},&quot;jet_parallax_layout_image_mobile&quot;:{&quot;url&quot;:&quot;&quot;,&quot;id&quot;:&quot;&quot;,&quot;size&quot;:&quot;&quot;},&quot;jet_parallax_layout_type&quot;:&quot;scroll&quot;,&quot;jet_parallax_layout_direction&quot;:null,&quot;jet_parallax_layout_fx_direction&quot;:null,&quot;jet_parallax_layout_z_index&quot;:&quot;&quot;,&quot;jet_parallax_layout_bg_x_tablet&quot;:&quot;&quot;,&quot;jet_parallax_layout_bg_x_mobile&quot;:&quot;&quot;,&quot;jet_parallax_layout_bg_y_tablet&quot;:&quot;&quot;,&quot;jet_parallax_layout_bg_y_mobile&quot;:&quot;&quot;,&quot;jet_parallax_layout_bg_size&quot;:&quot;auto&quot;,&quot;jet_parallax_layout_bg_size_tablet&quot;:&quot;&quot;,&quot;jet_parallax_layout_bg_size_mobile&quot;:&quot;&quot;,&quot;jet_parallax_layout_animation_prop&quot;:&quot;transform&quot;,&quot;jet_parallax_layout_on&quot;:[&quot;desktop&quot;,&quot;tablet&quot;]}]}\">\n\t\t\t\t\t\t<div class=\"elementor-container elementor-column-gap-default\">\n\t\t\t\t\t\t\t\t<\/div>\n\t\t<\/section>\n\t\t\t\t\t\t\t<\/div>","protected":false},"excerpt":{"rendered":"<p>yoga e massaggi A Folegandros si svolgono sessioni di yoga sulla spiaggia di Agios Nikolaos. Sulla stessa spiaggia o a domicilio vi \u00e8 inoltre la possibilit\u00e1 di massaggi terapeutici e rilassanti. Per le sessioni di Yoga ed i massaggi \u00e8 sempre richiesta la prenotazione. Ulteriori informazioni presso Sottovento, a Chora in Piazza Pounta, o al [&hellip;]<\/p>","protected":false},"author":2,"featured_media":0,"parent":0,"menu_order":0,"comment_status":"closed","ping_status":"closed","template":"full-width.php","meta":{"footnotes":""},"acf":[],"yoast_head":"<!-- This site is optimized with the Yoast SEO plugin v21.7 - https:\/\/yoast.com\/wordpress\/plugins\/seo\/ -->\n<title>YOGA a Folegandros - SOTTOVENTO Folegandros<\/title>\n<meta name=\"description\" content=\"A Folegandros si svolgono sessioni di yoga sulla spiaggia. Per chi desidera una vacanza all\u2019 insegna dello Yoga, nei mesi di giugno e settembre organizziamo un interessante programma di viaggio\" \/>\n<meta name=\"robots\" content=\"index, follow, max-snippet:-1, max-image-preview:large, max-video-preview:-1\" \/>\n<link rel=\"canonical\" href=\"https:\/\/staging.folegandrosisland.com\/en\/yoga\/\" \/>\n<meta property=\"og:locale\" content=\"en_GB\" \/>\n<meta property=\"og:type\" content=\"article\" \/>\n<meta property=\"og:title\" content=\"YOGA a Folegandros - SOTTOVENTO Folegandros\" \/>\n<meta property=\"og:description\" content=\"A Folegandros si svolgono sessioni di yoga sulla spiaggia. Per chi desidera una vacanza all\u2019 insegna dello Yoga, nei mesi di giugno e settembre organizziamo un interessante programma di viaggio\" \/>\n<meta property=\"og:url\" content=\"https:\/\/staging.folegandrosisland.com\/en\/yoga\/\" \/>\n<meta property=\"og:site_name\" content=\"SOTTOVENTO Folegandros\" \/>\n<meta property=\"article:modified_time\" content=\"2023-12-21T12:27:13+00:00\" \/>\n<meta property=\"og:image\" content=\"https:\/\/staging.folegandrosisland.com\/wp-content\/uploads\/2020\/12\/Divisore_Onda.png\" \/>\n<meta name=\"twitter:card\" content=\"summary_large_image\" \/>\n<meta name=\"twitter:label1\" content=\"Estimated reading time\" \/>\n\t<meta name=\"twitter:data1\" content=\"4 minutes\" \/>\n<script type=\"application\/ld+json\" class=\"yoast-schema-graph\">{\"@context\":\"https:\/\/schema.org\",\"@graph\":[{\"@type\":\"WebPage\",\"@id\":\"https:\/\/staging.folegandrosisland.com\/yoga\/\",\"url\":\"https:\/\/staging.folegandrosisland.com\/yoga\/\",\"name\":\"YOGA a Folegandros - SOTTOVENTO Folegandros\",\"isPartOf\":{\"@id\":\"https:\/\/www.folegandrosisland.com\/fr\/home-fr\/#website\"},\"datePublished\":\"2020-12-24T09:37:46+00:00\",\"dateModified\":\"2023-12-21T12:27:13+00:00\",\"description\":\"A Folegandros si svolgono sessioni di yoga sulla spiaggia. Per chi desidera una vacanza all\u2019 insegna dello Yoga, nei mesi di giugno e settembre organizziamo un interessante programma di viaggio\",\"breadcrumb\":{\"@id\":\"https:\/\/staging.folegandrosisland.com\/yoga\/#breadcrumb\"},\"inLanguage\":\"en-GB\",\"potentialAction\":[{\"@type\":\"ReadAction\",\"target\":[\"https:\/\/staging.folegandrosisland.com\/yoga\/\"]}]},{\"@type\":\"BreadcrumbList\",\"@id\":\"https:\/\/staging.folegandrosisland.com\/yoga\/#breadcrumb\",\"itemListElement\":[{\"@type\":\"ListItem\",\"position\":1,\"name\":\"Home\",\"item\":\"https:\/\/staging.folegandrosisland.com\/\"},{\"@type\":\"ListItem\",\"position\":2,\"name\":\"Yoga\"}]},{\"@type\":\"WebSite\",\"@id\":\"https:\/\/www.folegandrosisland.com\/fr\/home-fr\/#website\",\"url\":\"https:\/\/www.folegandrosisland.com\/fr\/home-fr\/\",\"name\":\"SOTTOVENTO Folegandros\",\"description\":\"Il meglio delle Isole Cicladi\",\"potentialAction\":[{\"@type\":\"SearchAction\",\"target\":{\"@type\":\"EntryPoint\",\"urlTemplate\":\"https:\/\/www.folegandrosisland.com\/fr\/home-fr\/?s={search_term_string}\"},\"query-input\":\"required name=search_term_string\"}],\"inLanguage\":\"en-GB\"}]}<\/script>\n<!-- \/ Yoast SEO plugin. -->","yoast_head_json":{"title":"YOGA a Folegandros - SOTTOVENTO Folegandros","description":"A Folegandros si svolgono sessioni di yoga sulla spiaggia. Per chi desidera una vacanza all\u2019 insegna dello Yoga, nei mesi di giugno e settembre organizziamo un interessante programma di viaggio","robots":{"index":"index","follow":"follow","max-snippet":"max-snippet:-1","max-image-preview":"max-image-preview:large","max-video-preview":"max-video-preview:-1"},"canonical":"https:\/\/staging.folegandrosisland.com\/en\/yoga\/","og_locale":"en_GB","og_type":"article","og_title":"YOGA a Folegandros - SOTTOVENTO Folegandros","og_description":"A Folegandros si svolgono sessioni di yoga sulla spiaggia. Per chi desidera una vacanza all\u2019 insegna dello Yoga, nei mesi di giugno e settembre organizziamo un interessante programma di viaggio","og_url":"https:\/\/staging.folegandrosisland.com\/en\/yoga\/","og_site_name":"SOTTOVENTO Folegandros","article_modified_time":"2023-12-21T12:27:13+00:00","og_image":[{"url":"https:\/\/staging.folegandrosisland.com\/wp-content\/uploads\/2020\/12\/Divisore_Onda.png"}],"twitter_card":"summary_large_image","twitter_misc":{"Estimated reading time":"4 minutes"},"schema":{"@context":"https:\/\/schema.org","@graph":[{"@type":"WebPage","@id":"https:\/\/staging.folegandrosisland.com\/yoga\/","url":"https:\/\/staging.folegandrosisland.com\/yoga\/","name":"YOGA a Folegandros - SOTTOVENTO Folegandros","isPartOf":{"@id":"https:\/\/www.folegandrosisland.com\/fr\/home-fr\/#website"},"datePublished":"2020-12-24T09:37:46+00:00","dateModified":"2023-12-21T12:27:13+00:00","description":"A Folegandros si svolgono sessioni di yoga sulla spiaggia. Per chi desidera una vacanza all\u2019 insegna dello Yoga, nei mesi di giugno e settembre organizziamo un interessante programma di viaggio","breadcrumb":{"@id":"https:\/\/staging.folegandrosisland.com\/yoga\/#breadcrumb"},"inLanguage":"en-GB","potentialAction":[{"@type":"ReadAction","target":["https:\/\/staging.folegandrosisland.com\/yoga\/"]}]},{"@type":"BreadcrumbList","@id":"https:\/\/staging.folegandrosisland.com\/yoga\/#breadcrumb","itemListElement":[{"@type":"ListItem","position":1,"name":"Home","item":"https:\/\/staging.folegandrosisland.com\/"},{"@type":"ListItem","position":2,"name":"Yoga"}]},{"@type":"WebSite","@id":"https:\/\/www.folegandrosisland.com\/fr\/home-fr\/#website","url":"https:\/\/www.folegandrosisland.com\/fr\/home-fr\/","name":"SOTTOVENTO Folegandros","description":"Il meglio delle Isole Cicladi","potentialAction":[{"@type":"SearchAction","target":{"@type":"EntryPoint","urlTemplate":"https:\/\/www.folegandrosisland.com\/fr\/home-fr\/?s={search_term_string}"},"query-input":"required name=search_term_string"}],"inLanguage":"en-GB"}]}},"_links":{"self":[{"href":"https:\/\/staging.folegandrosisland.com\/en\/wp-json\/wp\/v2\/pages\/2798"}],"collection":[{"href":"https:\/\/staging.folegandrosisland.com\/en\/wp-json\/wp\/v2\/pages"}],"about":[{"href":"https:\/\/staging.folegandrosisland.com\/en\/wp-json\/wp\/v2\/types\/page"}],"author":[{"embeddable":true,"href":"https:\/\/staging.folegandrosisland.com\/en\/wp-json\/wp\/v2\/users\/2"}],"replies":[{"embeddable":true,"href":"https:\/\/staging.folegandrosisland.com\/en\/wp-json\/wp\/v2\/comments?post=2798"}],"version-history":[{"count":36,"href":"https:\/\/staging.folegandrosisland.com\/en\/wp-json\/wp\/v2\/pages\/2798\/revisions"}],"predecessor-version":[{"id":49450,"href":"https:\/\/staging.folegandrosisland.com\/en\/wp-json\/wp\/v2\/pages\/2798\/revisions\/49450"}],"wp:attachment":[{"href":"https:\/\/staging.folegandrosisland.com\/en\/wp-json\/wp\/v2\/media?parent=2798"}],"curies":[{"name":"wp","href":"https:\/\/api.w.org\/{rel}","templated":true}]}}